{"id":24,"date":"2020-05-08T08:55:01","date_gmt":"2020-05-08T06:55:01","guid":{"rendered":"http:\/\/hcperwez.be\/?page_id=24"},"modified":"2022-06-30T13:42:29","modified_gmt":"2022-06-30T11:42:29","slug":"accueil","status":"publish","type":"page","link":"https:\/\/hcperwez.be\/","title":{"rendered":"Accueil"},"content":{"rendered":"\n<h2 class=\"has-text-align-center\">Un jeune club de Handball \u00e0 Perwez<\/h2>\n\n\n\n<p class=\"has-text-align-center\"><iframe loading=\"lazy\" style=\"border: none; overflow: hidden;\" src=\"https:\/\/www.facebook.com\/plugins\/video.php?height=314&amp;href=https%3A%2F%2Fwww.facebook.com%2Fcanalzoomtv%2Fvideos%2F1044098652987309%2F&amp;show_text=false&amp;width=560&amp;t=0\" width=\"560\" height=\"314\" frameborder=\"0\" scrolling=\"no\" allowfullscreen=\"allowfullscreen\"><\/iframe><\/p>\n\n\n\n<p>Le club de Handball de Perwez est un jeune club du Brabant Wallon. Fond\u00e9 en Juin 2014, par d&rsquo;anciens membres des clubs de Kraainem et Jodoigne, et tr\u00e8s bien aid\u00e9s par quelques volontaires, le Handball Club de Perwez \u00e9volue depuis lors en \u00e9quipe Messieurs (16+) en promotion Brabant-Hainaut. Le Hc Perwez \u00e9volue et grandit peu \u00e0 peu chaque ann\u00e9e et compte d\u00e9sormais une vingtaine de joueurs et membres.<\/p>\n\n\n\n<figure class=\"wp-container-2 wp-block-gallery-1 wp-block-gallery has-nested-images columns-default is-cropped\">\n<figure class=\"wp-block-image size-large\"><img loading=\"lazy\" width=\"1024\" height=\"683\" data-id=\"61\"  src=\"http:\/\/hcperwez.be\/wp-content\/uploads\/2020\/05\/HC-Perwez-VS-HC-Waterloo-73-1024x683.jpg\" alt=\"\" class=\"wp-image-61\" srcset=\"https:\/\/hcperwez.be\/wp-content\/uploads\/2020\/05\/HC-Perwez-VS-HC-Waterloo-73-1024x683.jpg 1024w, https:\/\/hcperwez.be\/wp-content\/uploads\/2020\/05\/HC-Perwez-VS-HC-Waterloo-73-300x200.jpg 300w, https:\/\/hcperwez.be\/wp-content\/uploads\/2020\/05\/HC-Perwez-VS-HC-Waterloo-73-768x512.jpg 768w, https:\/\/hcperwez.be\/wp-content\/uploads\/2020\/05\/HC-Perwez-VS-HC-Waterloo-73-1536x1024.jpg 1536w, https:\/\/hcperwez.be\/wp-content\/uploads\/2020\/05\/HC-Perwez-VS-HC-Waterloo-73-2048x1365.jpg 2048w, https:\/\/hcperwez.be\/wp-content\/uploads\/2020\/05\/HC-Perwez-VS-HC-Waterloo-73-1x1.jpg 1w\" sizes=\"(max-width: 1024px) 100vw, 1024px\" \/><\/figure>\n\n\n\n<figure class=\"wp-block-image size-large\"><img loading=\"lazy\" width=\"1024\" height=\"616\" data-id=\"62\"  src=\"http:\/\/hcperwez.be\/wp-content\/uploads\/2020\/05\/HC-Perwez-VS-HC-Waterloo-77-scaled-e1588931736824-1024x616.jpg\" alt=\"Actualit\u00e9s Sportives - HC Perwez HC Waterloo\" class=\"wp-image-62\" srcset=\"https:\/\/hcperwez.be\/wp-content\/uploads\/2020\/05\/HC-Perwez-VS-HC-Waterloo-77-scaled-e1588931736824-1024x616.jpg 1024w, https:\/\/hcperwez.be\/wp-content\/uploads\/2020\/05\/HC-Perwez-VS-HC-Waterloo-77-scaled-e1588931736824-300x180.jpg 300w, https:\/\/hcperwez.be\/wp-content\/uploads\/2020\/05\/HC-Perwez-VS-HC-Waterloo-77-scaled-e1588931736824-768x462.jpg 768w, https:\/\/hcperwez.be\/wp-content\/uploads\/2020\/05\/HC-Perwez-VS-HC-Waterloo-77-scaled-e1588931736824-1536x924.jpg 1536w, https:\/\/hcperwez.be\/wp-content\/uploads\/2020\/05\/HC-Perwez-VS-HC-Waterloo-77-scaled-e1588931736824-1x1.jpg 1w, https:\/\/hcperwez.be\/wp-content\/uploads\/2020\/05\/HC-Perwez-VS-HC-Waterloo-77-scaled-e1588931736824.jpg 1997w\" sizes=\"(max-width: 1024px) 100vw, 1024px\" \/><\/figure>\n<\/figure>\n\n\n\n<h2>Un club convivial<\/h2>\n\n\n\n<p>Ce club \u00e0 pour but premier de faire connaitre le Handball dans le Brabant Wallon, et principalement dans&nbsp;les environs de Perwez. HC Perwez propose \u00e0 toute personne de 16 ans et plus d&rsquo;\u00e9voluer dans un sport collectif alliant strat\u00e9gie, esprit d&rsquo;\u00e9quipe et condition physique. Le club se veut convivial et bon enfant et accueille donc les hommes de 16 ans et plus dans son \u00e9quipe Messieurs. Notre objectif : Cr\u00e9er une \u00e9quipe sportive soud\u00e9e et motiv\u00e9e partageant des valeurs communes : La pers\u00e9v\u00e9rance et le Fair Play.<\/p>\n\n\n\n<figure class=\"wp-container-4 wp-block-gallery-3 wp-block-gallery has-nested-images columns-default is-cropped\">\n<figure class=\"wp-block-image size-large\"><img loading=\"lazy\" width=\"1024\" height=\"683\" data-id=\"64\"  src=\"http:\/\/hcperwez.be\/wp-content\/uploads\/2020\/05\/HC-Perwez-VS-HC-Waterloo-99-1024x683.jpg\" alt=\"\" class=\"wp-image-64\" srcset=\"https:\/\/hcperwez.be\/wp-content\/uploads\/2020\/05\/HC-Perwez-VS-HC-Waterloo-99-1024x683.jpg 1024w, https:\/\/hcperwez.be\/wp-content\/uploads\/2020\/05\/HC-Perwez-VS-HC-Waterloo-99-300x200.jpg 300w, https:\/\/hcperwez.be\/wp-content\/uploads\/2020\/05\/HC-Perwez-VS-HC-Waterloo-99-768x512.jpg 768w, https:\/\/hcperwez.be\/wp-content\/uploads\/2020\/05\/HC-Perwez-VS-HC-Waterloo-99-1536x1024.jpg 1536w, https:\/\/hcperwez.be\/wp-content\/uploads\/2020\/05\/HC-Perwez-VS-HC-Waterloo-99-2048x1365.jpg 2048w, https:\/\/hcperwez.be\/wp-content\/uploads\/2020\/05\/HC-Perwez-VS-HC-Waterloo-99-1x1.jpg 1w\" sizes=\"(max-width: 1024px) 100vw, 1024px\" \/><\/figure>\n\n\n\n<figure class=\"wp-block-image size-large\"><img loading=\"lazy\" width=\"1024\" height=\"683\" data-id=\"65\"  src=\"http:\/\/hcperwez.be\/wp-content\/uploads\/2020\/05\/HC-Perwez-VS-HC-Waterloo-141-1024x683.jpg\" alt=\"\" class=\"wp-image-65\" srcset=\"https:\/\/hcperwez.be\/wp-content\/uploads\/2020\/05\/HC-Perwez-VS-HC-Waterloo-141-1024x683.jpg 1024w, https:\/\/hcperwez.be\/wp-content\/uploads\/2020\/05\/HC-Perwez-VS-HC-Waterloo-141-300x200.jpg 300w, https:\/\/hcperwez.be\/wp-content\/uploads\/2020\/05\/HC-Perwez-VS-HC-Waterloo-141-768x512.jpg 768w, https:\/\/hcperwez.be\/wp-content\/uploads\/2020\/05\/HC-Perwez-VS-HC-Waterloo-141-1536x1024.jpg 1536w, https:\/\/hcperwez.be\/wp-content\/uploads\/2020\/05\/HC-Perwez-VS-HC-Waterloo-141-2048x1365.jpg 2048w, https:\/\/hcperwez.be\/wp-content\/uploads\/2020\/05\/HC-Perwez-VS-HC-Waterloo-141-1x1.jpg 1w\" sizes=\"(max-width: 1024px) 100vw, 1024px\" \/><\/figure>\n<\/figure>\n\n\n\n<h2>Persev\u00e9rance et Fair Play<\/h2>\n\n\n\n<p>HC Perwez, d\u00e8s sa premi\u00e8re ann\u00e9e d&rsquo;exercice, vous propose d&rsquo;\u00e9voluer en tant que joueur dans le championnat du Brabant Hainaut de la LFH (Ligue Francophone de Handball). Cette comp\u00e9tition permettra \u00e0 tous les joueurs de mettre \u00e0 profit leurs entra\u00eenements bi-hebdomadaires, tout en testant leurs capacit\u00e9s sportives au sein du club.<\/p>\n\n\n\n<figure class=\"wp-container-6 wp-block-gallery-5 wp-block-gallery has-nested-images columns-default is-cropped\">\n<figure class=\"wp-block-image size-large\"><img loading=\"lazy\" width=\"1024\" height=\"683\" data-id=\"63\"  src=\"http:\/\/hcperwez.be\/wp-content\/uploads\/2020\/05\/HC-Perwez-VS-HC-Waterloo-96-1024x683.jpg\" alt=\"\" class=\"wp-image-63\" srcset=\"https:\/\/hcperwez.be\/wp-content\/uploads\/2020\/05\/HC-Perwez-VS-HC-Waterloo-96-1024x683.jpg 1024w, https:\/\/hcperwez.be\/wp-content\/uploads\/2020\/05\/HC-Perwez-VS-HC-Waterloo-96-300x200.jpg 300w, https:\/\/hcperwez.be\/wp-content\/uploads\/2020\/05\/HC-Perwez-VS-HC-Waterloo-96-768x512.jpg 768w, https:\/\/hcperwez.be\/wp-content\/uploads\/2020\/05\/HC-Perwez-VS-HC-Waterloo-96-1536x1024.jpg 1536w, https:\/\/hcperwez.be\/wp-content\/uploads\/2020\/05\/HC-Perwez-VS-HC-Waterloo-96-2048x1365.jpg 2048w, https:\/\/hcperwez.be\/wp-content\/uploads\/2020\/05\/HC-Perwez-VS-HC-Waterloo-96-1x1.jpg 1w\" sizes=\"(max-width: 1024px) 100vw, 1024px\" \/><\/figure>\n\n\n\n<figure class=\"wp-block-image size-large\"><img loading=\"lazy\" width=\"1024\" height=\"409\" data-id=\"87\"  src=\"http:\/\/hcperwez.be\/wp-content\/uploads\/2020\/05\/Sans-titre-3-1024x409.jpg\" alt=\"\" class=\"wp-image-87\" srcset=\"https:\/\/hcperwez.be\/wp-content\/uploads\/2020\/05\/Sans-titre-3-1024x409.jpg 1024w, https:\/\/hcperwez.be\/wp-content\/uploads\/2020\/05\/Sans-titre-3-300x120.jpg 300w, https:\/\/hcperwez.be\/wp-content\/uploads\/2020\/05\/Sans-titre-3-768x307.jpg 768w, https:\/\/hcperwez.be\/wp-content\/uploads\/2020\/05\/Sans-titre-3-1x1.jpg 1w, https:\/\/hcperwez.be\/wp-content\/uploads\/2020\/05\/Sans-titre-3.jpg 1420w\" sizes=\"(max-width: 1024px) 100vw, 1024px\" \/><\/figure>\n<\/figure>\n\n\n\n<h2>Besoins d&rsquo;infos ?<\/h2>\n\n\n\n<p>Rendez-vous sur notre page de <a href=\"http:\/\/hcperwez.be\/index.php\/contact\/\">contact<\/a> ou sur notre page Facebook !<\/p>\n","protected":false},"excerpt":{"rendered":"<p>Un jeune club de Handball \u00e0 Perwez Le club de Handball de Perwez est un jeune club du Brabant Wallon. Fond\u00e9 en Juin 2014, par d&rsquo;anciens membres des clubs de Kraainem et Jodoigne, et tr\u00e8s bien aid\u00e9s par quelques volontaires, le Handball Club de Perwez \u00e9volue depuis lors en \u00e9quipe Messieurs (16+) en promotion Brabant-Hainaut. [&hellip;]<\/p>\n","protected":false},"author":1,"featured_media":0,"parent":0,"menu_order":0,"comment_status":"closed","ping_status":"closed","template":"","meta":[],"yoast_head":"<!-- This site is optimized with the Yoast SEO plugin v19.2 - https:\/\/yoast.com\/wordpress\/plugins\/seo\/ -->\n<title>Accueil - Handball Club de Perwez<\/title>\n<meta name=\"description\" content=\"Le Handball Club de Perwez accueille les jeunes de 16 ans et + dans le championnat du Brabant Hainaut. Contactez-nous pour un essai.\" \/>\n<meta name=\"robots\" content=\"index, follow, max-snippet:-1, max-image-preview:large, max-video-preview:-1\" \/>\n<link rel=\"canonical\" href=\"https:\/\/hcperwez.be\/\" \/>\n<meta property=\"og:locale\" content=\"fr_FR\" \/>\n<meta property=\"og:type\" content=\"article\" \/>\n<meta property=\"og:title\" content=\"Accueil - Handball Club de Perwez\" \/>\n<meta property=\"og:description\" content=\"Le Handball Club de Perwez accueille les jeunes de 16 ans et + dans le championnat du Brabant Hainaut. Contactez-nous pour un essai.\" \/>\n<meta property=\"og:url\" content=\"https:\/\/hcperwez.be\/\" \/>\n<meta property=\"og:site_name\" content=\"Handball Club de Perwez\" \/>\n<meta property=\"article:publisher\" content=\"https:\/\/www.facebook.com\/HcPerwez\/\" \/>\n<meta property=\"article:modified_time\" content=\"2022-06-30T11:42:29+00:00\" \/>\n<meta property=\"og:image\" content=\"http:\/\/hcperwez.be\/wp-content\/uploads\/2020\/05\/HC-Perwez-VS-HC-Waterloo-73-1024x683.jpg\" \/>\n<meta name=\"author\" content=\"Jonathan Verheyden\" \/>\n<meta name=\"twitter:card\" content=\"summary_large_image\" \/>\n<meta name=\"twitter:label1\" content=\"Dur\u00e9e de lecture estim\u00e9e\" \/>\n\t<meta name=\"twitter:data1\" content=\"3 minutes\" \/>\n<script type=\"application\/ld+json\" class=\"yoast-schema-graph\">{\"@context\":\"https:\/\/schema.org\",\"@graph\":[{\"@type\":\"WebSite\",\"@id\":\"https:\/\/hcperwez.be\/#website\",\"url\":\"https:\/\/hcperwez.be\/\",\"name\":\"Handball Club de Perwez\",\"description\":\"Site officiel\",\"potentialAction\":[{\"@type\":\"SearchAction\",\"target\":{\"@type\":\"EntryPoint\",\"urlTemplate\":\"https:\/\/hcperwez.be\/?s={search_term_string}\"},\"query-input\":\"required name=search_term_string\"}],\"inLanguage\":\"fr-FR\"},{\"@type\":\"ImageObject\",\"inLanguage\":\"fr-FR\",\"@id\":\"https:\/\/hcperwez.be\/#primaryimage\",\"url\":\"http:\/\/hcperwez.be\/wp-content\/uploads\/2020\/05\/HC-Perwez-VS-HC-Waterloo-73-1024x683.jpg\",\"contentUrl\":\"http:\/\/hcperwez.be\/wp-content\/uploads\/2020\/05\/HC-Perwez-VS-HC-Waterloo-73-1024x683.jpg\"},{\"@type\":\"WebPage\",\"@id\":\"https:\/\/hcperwez.be\/#webpage\",\"url\":\"https:\/\/hcperwez.be\/\",\"name\":\"Accueil - Handball Club de Perwez\",\"isPartOf\":{\"@id\":\"https:\/\/hcperwez.be\/#website\"},\"primaryImageOfPage\":{\"@id\":\"https:\/\/hcperwez.be\/#primaryimage\"},\"datePublished\":\"2020-05-08T06:55:01+00:00\",\"dateModified\":\"2022-06-30T11:42:29+00:00\",\"description\":\"Le Handball Club de Perwez accueille les jeunes de 16 ans et + dans le championnat du Brabant Hainaut. Contactez-nous pour un essai.\",\"breadcrumb\":{\"@id\":\"https:\/\/hcperwez.be\/#breadcrumb\"},\"inLanguage\":\"fr-FR\",\"potentialAction\":[{\"@type\":\"ReadAction\",\"target\":[\"https:\/\/hcperwez.be\/\"]}]},{\"@type\":\"BreadcrumbList\",\"@id\":\"https:\/\/hcperwez.be\/#breadcrumb\",\"itemListElement\":[{\"@type\":\"ListItem\",\"position\":1,\"name\":\"Accueil\",\"item\":\"https:\/\/hcperwez.be\/\"},{\"@type\":\"ListItem\",\"position\":2,\"name\":\"Accueil\"}]}]}<\/script>\n<!-- \/ Yoast SEO plugin. -->","yoast_head_json":{"title":"Accueil - Handball Club de Perwez","description":"Le Handball Club de Perwez accueille les jeunes de 16 ans et + dans le championnat du Brabant Hainaut. Contactez-nous pour un essai.","robots":{"index":"index","follow":"follow","max-snippet":"max-snippet:-1","max-image-preview":"max-image-preview:large","max-video-preview":"max-video-preview:-1"},"canonical":"https:\/\/hcperwez.be\/","og_locale":"fr_FR","og_type":"article","og_title":"Accueil - Handball Club de Perwez","og_description":"Le Handball Club de Perwez accueille les jeunes de 16 ans et + dans le championnat du Brabant Hainaut. Contactez-nous pour un essai.","og_url":"https:\/\/hcperwez.be\/","og_site_name":"Handball Club de Perwez","article_publisher":"https:\/\/www.facebook.com\/HcPerwez\/","article_modified_time":"2022-06-30T11:42:29+00:00","og_image":[{"url":"http:\/\/hcperwez.be\/wp-content\/uploads\/2020\/05\/HC-Perwez-VS-HC-Waterloo-73-1024x683.jpg"}],"author":"Jonathan Verheyden","twitter_card":"summary_large_image","twitter_misc":{"Dur\u00e9e de lecture estim\u00e9e":"3 minutes"},"schema":{"@context":"https:\/\/schema.org","@graph":[{"@type":"WebSite","@id":"https:\/\/hcperwez.be\/#website","url":"https:\/\/hcperwez.be\/","name":"Handball Club de Perwez","description":"Site officiel","potentialAction":[{"@type":"SearchAction","target":{"@type":"EntryPoint","urlTemplate":"https:\/\/hcperwez.be\/?s={search_term_string}"},"query-input":"required name=search_term_string"}],"inLanguage":"fr-FR"},{"@type":"ImageObject","inLanguage":"fr-FR","@id":"https:\/\/hcperwez.be\/#primaryimage","url":"http:\/\/hcperwez.be\/wp-content\/uploads\/2020\/05\/HC-Perwez-VS-HC-Waterloo-73-1024x683.jpg","contentUrl":"http:\/\/hcperwez.be\/wp-content\/uploads\/2020\/05\/HC-Perwez-VS-HC-Waterloo-73-1024x683.jpg"},{"@type":"WebPage","@id":"https:\/\/hcperwez.be\/#webpage","url":"https:\/\/hcperwez.be\/","name":"Accueil - Handball Club de Perwez","isPartOf":{"@id":"https:\/\/hcperwez.be\/#website"},"primaryImageOfPage":{"@id":"https:\/\/hcperwez.be\/#primaryimage"},"datePublished":"2020-05-08T06:55:01+00:00","dateModified":"2022-06-30T11:42:29+00:00","description":"Le Handball Club de Perwez accueille les jeunes de 16 ans et + dans le championnat du Brabant Hainaut. Contactez-nous pour un essai.","breadcrumb":{"@id":"https:\/\/hcperwez.be\/#breadcrumb"},"inLanguage":"fr-FR","potentialAction":[{"@type":"ReadAction","target":["https:\/\/hcperwez.be\/"]}]},{"@type":"BreadcrumbList","@id":"https:\/\/hcperwez.be\/#breadcrumb","itemListElement":[{"@type":"ListItem","position":1,"name":"Accueil","item":"https:\/\/hcperwez.be\/"},{"@type":"ListItem","position":2,"name":"Accueil"}]}]}},"_links":{"self":[{"href":"https:\/\/hcperwez.be\/index.php\/wp-json\/wp\/v2\/pages\/24"}],"collection":[{"href":"https:\/\/hcperwez.be\/index.php\/wp-json\/wp\/v2\/pages"}],"about":[{"href":"https:\/\/hcperwez.be\/index.php\/wp-json\/wp\/v2\/types\/page"}],"author":[{"embeddable":true,"href":"https:\/\/hcperwez.be\/index.php\/wp-json\/wp\/v2\/users\/1"}],"replies":[{"embeddable":true,"href":"https:\/\/hcperwez.be\/index.php\/wp-json\/wp\/v2\/comments?post=24"}],"version-history":[{"count":13,"href":"https:\/\/hcperwez.be\/index.php\/wp-json\/wp\/v2\/pages\/24\/revisions"}],"predecessor-version":[{"id":586,"href":"https:\/\/hcperwez.be\/index.php\/wp-json\/wp\/v2\/pages\/24\/revisions\/586"}],"wp:attachment":[{"href":"https:\/\/hcperwez.be\/index.php\/wp-json\/wp\/v2\/media?parent=24"}],"curies":[{"name":"wp","href":"https:\/\/api.w.org\/{rel}","templated":true}]}}