{"id":25,"date":"2020-05-08T08:55:01","date_gmt":"2020-05-08T06:55:01","guid":{"rendered":"http:\/\/hcperwez.be\/?page_id=25"},"modified":"2022-06-30T13:43:37","modified_gmt":"2022-06-30T11:43:37","slug":"notre-equipe","status":"publish","type":"page","link":"https:\/\/hcperwez.be\/index.php\/notre-equipe\/","title":{"rendered":"Notre \u00e9quipe"},"content":{"rendered":"\n<h2>D\u00e9couvrez les membres du club et notre \u00e9quipe Senior Promotion Brabant-Hainaut.<\/h2>\n\n\n\n<p><\/p>\n\n\n\n<h2>L&rsquo;\u00e9quipe 2021-2022<\/h2>\n\n\n\n<figure class=\"wp-block-image size-large\"><img loading=\"lazy\" width=\"1024\" height=\"576\" src=\"http:\/\/hcperwez.be\/wp-content\/uploads\/2020\/05\/Team-10-1024x576.jpg\" alt=\"\" class=\"wp-image-59\" srcset=\"https:\/\/hcperwez.be\/wp-content\/uploads\/2020\/05\/Team-10-1024x576.jpg 1024w, https:\/\/hcperwez.be\/wp-content\/uploads\/2020\/05\/Team-10-300x169.jpg 300w, https:\/\/hcperwez.be\/wp-content\/uploads\/2020\/05\/Team-10-768x432.jpg 768w, https:\/\/hcperwez.be\/wp-content\/uploads\/2020\/05\/Team-10-1536x864.jpg 1536w, https:\/\/hcperwez.be\/wp-content\/uploads\/2020\/05\/Team-10-2048x1152.jpg 2048w, https:\/\/hcperwez.be\/wp-content\/uploads\/2020\/05\/Team-10-1x1.jpg 1w\" sizes=\"(max-width: 1024px) 100vw, 1024px\" \/><figcaption>Senior Promotion Brabant Hainaut<\/figcaption><\/figure>\n\n\n\n<div class=\"wp-container-49 wp-block-group\"><div class=\"wp-block-group__inner-container\">\n<div class=\"wp-container-43 wp-block-group\"><div class=\"wp-block-group__inner-container\">\n<div class=\"wp-container-42 wp-block-group\"><div class=\"wp-block-group__inner-container\">\n<div class=\"wp-container-2 wp-block-group\"><div class=\"wp-block-group__inner-container\">\n<div class=\"wp-container-1 wp-block-group\"><div class=\"wp-block-group__inner-container\"><\/div><\/div>\n<\/div><\/div>\n\n\n\n<h2>Notre pr\u00e9sident<\/h2>\n\n\n\n<div class=\"wp-container-18 wp-block-group\"><div class=\"wp-block-group__inner-container\">\n<div class=\"wp-container-13 wp-block-group\"><div class=\"wp-block-group__inner-container\">\n<div class=\"wp-container-12 wp-block-group\"><div class=\"wp-block-group__inner-container\">\n<div class=\"wp-container-11 wp-block-group\"><div class=\"wp-block-group__inner-container\">\n<div class=\"wp-container-6 wp-block-columns\">\n<div class=\"wp-container-3 wp-block-column\">\n<figure class=\"wp-block-image size-large is-style-rounded\"><img loading=\"lazy\" width=\"2560\" height=\"2555\" src=\"https:\/\/hcperwez.be\/wp-content\/uploads\/2022\/06\/HC-Perwez-VS-HC-Waterloo-92-edited-scaled.jpg\" alt=\"\" class=\"wp-image-535\" srcset=\"https:\/\/hcperwez.be\/wp-content\/uploads\/2022\/06\/HC-Perwez-VS-HC-Waterloo-92-edited-scaled.jpg 2560w, https:\/\/hcperwez.be\/wp-content\/uploads\/2022\/06\/HC-Perwez-VS-HC-Waterloo-92-edited-300x300.jpg 300w, https:\/\/hcperwez.be\/wp-content\/uploads\/2022\/06\/HC-Perwez-VS-HC-Waterloo-92-edited-1024x1022.jpg 1024w, https:\/\/hcperwez.be\/wp-content\/uploads\/2022\/06\/HC-Perwez-VS-HC-Waterloo-92-edited-150x150.jpg 150w, https:\/\/hcperwez.be\/wp-content\/uploads\/2022\/06\/HC-Perwez-VS-HC-Waterloo-92-edited-768x766.jpg 768w, https:\/\/hcperwez.be\/wp-content\/uploads\/2022\/06\/HC-Perwez-VS-HC-Waterloo-92-edited-1536x1533.jpg 1536w, https:\/\/hcperwez.be\/wp-content\/uploads\/2022\/06\/HC-Perwez-VS-HC-Waterloo-92-edited-2048x2044.jpg 2048w\" sizes=\"(max-width: 2560px) 100vw, 2560px\" \/><figcaption>Hc perwez Logo Vector<\/figcaption><\/figure>\n<\/div>\n\n\n\n<div class=\"wp-container-4 wp-block-column\">\n<p>Nom + Pr\u00e9nom :<\/p>\n\n\n\n<p>Num\u00e9ro :<\/p>\n\n\n\n<p>Age :<\/p>\n\n\n\n<p>Poste :<\/p>\n\n\n\n<p>Ann\u00e9e(s) d&rsquo;exp\u00e9rience(s) Handballistique :<\/p>\n\n\n\n<p>Pourquoi du Handball au HC Perwez :<\/p>\n<\/div>\n\n\n\n<div class=\"wp-container-5 wp-block-column\">\n<p>Gaetan MARCHAL<\/p>\n\n\n\n<p>8<\/p>\n\n\n\n<p>30<\/p>\n\n\n\n<p>Pivot \/ Pr\u00e9sident<\/p>\n\n\n\n<p>9 ans<\/p>\n\n\n\n<ul><li>Sport individuel d&rsquo;\u00e9quipe<\/li><li>Sport complet<\/li><li>Le Hc Perwez est une \u00e9quipe familiale o\u00f9 il y a une ambiance de fou !<\/li><\/ul>\n<\/div>\n<\/div>\n\n\n\n<h2>Notre coach<\/h2>\n\n\n\n<div class=\"wp-container-10 wp-block-columns\">\n<div class=\"wp-container-7 wp-block-column\">\n<figure class=\"wp-block-image size-full is-style-rounded\"><img loading=\"lazy\" width=\"500\" height=\"500\" src=\"http:\/\/hcperwez.be\/wp-content\/uploads\/2022\/06\/cropped-Hc-perwez-Logo-2-fococlipping-standard.png\" alt=\"Hc perwez Logo Vector\" class=\"wp-image-431\" srcset=\"https:\/\/hcperwez.be\/wp-content\/uploads\/2022\/06\/cropped-Hc-perwez-Logo-2-fococlipping-standard.png 500w, https:\/\/hcperwez.be\/wp-content\/uploads\/2022\/06\/cropped-Hc-perwez-Logo-2-fococlipping-standard-300x300.png 300w, https:\/\/hcperwez.be\/wp-content\/uploads\/2022\/06\/cropped-Hc-perwez-Logo-2-fococlipping-standard-150x150.png 150w\" sizes=\"(max-width: 500px) 100vw, 500px\" \/><figcaption>Hc perwez Logo Vector<\/figcaption><\/figure>\n<\/div>\n\n\n\n<div class=\"wp-container-8 wp-block-column\">\n<p>Nom + Pr\u00e9nom :<\/p>\n\n\n\n<p>Num\u00e9ro :<\/p>\n\n\n\n<p>Age :<\/p>\n\n\n\n<p>Poste :<\/p>\n\n\n\n<p>Ann\u00e9e(s) d&rsquo;exp\u00e9rience(s) Handballistique :<\/p>\n\n\n\n<p>Pourquoi du Handball au HC Perwez :<\/p>\n<\/div>\n\n\n\n<div class=\"wp-container-9 wp-block-column\">\n<p>Rudy VANDERCAMMEN<\/p>\n\n\n\n<p>N\/A<\/p>\n\n\n\n<p>N\/A<\/p>\n\n\n\n<p>Coach<\/p>\n\n\n\n<p>Des ann\u00e9es et des ann\u00e9es<\/p>\n\n\n\n<p><\/p>\n\n\n\n<p>&#8211;<\/p>\n<\/div>\n<\/div>\n<\/div><\/div>\n<\/div><\/div>\n<\/div><\/div>\n\n\n\n<h2>Notre coach T2<\/h2>\n\n\n\n<div class=\"wp-container-17 wp-block-columns\">\n<div class=\"wp-container-14 wp-block-column\">\n<figure class=\"wp-block-image size-large is-style-rounded\"><img loading=\"lazy\" width=\"2560\" height=\"2555\" src=\"https:\/\/hcperwez.be\/wp-content\/uploads\/2022\/06\/HC-Perwez-VS-HC-Waterloo-44-edited-scaled.jpg\" alt=\"\" class=\"wp-image-534\" srcset=\"https:\/\/hcperwez.be\/wp-content\/uploads\/2022\/06\/HC-Perwez-VS-HC-Waterloo-44-edited-scaled.jpg 2560w, https:\/\/hcperwez.be\/wp-content\/uploads\/2022\/06\/HC-Perwez-VS-HC-Waterloo-44-edited-300x300.jpg 300w, https:\/\/hcperwez.be\/wp-content\/uploads\/2022\/06\/HC-Perwez-VS-HC-Waterloo-44-edited-1024x1022.jpg 1024w, https:\/\/hcperwez.be\/wp-content\/uploads\/2022\/06\/HC-Perwez-VS-HC-Waterloo-44-edited-150x150.jpg 150w, https:\/\/hcperwez.be\/wp-content\/uploads\/2022\/06\/HC-Perwez-VS-HC-Waterloo-44-edited-768x766.jpg 768w, https:\/\/hcperwez.be\/wp-content\/uploads\/2022\/06\/HC-Perwez-VS-HC-Waterloo-44-edited-1536x1533.jpg 1536w, https:\/\/hcperwez.be\/wp-content\/uploads\/2022\/06\/HC-Perwez-VS-HC-Waterloo-44-edited-2048x2044.jpg 2048w\" sizes=\"(max-width: 2560px) 100vw, 2560px\" \/><figcaption>Hc perwez Logo Vector<\/figcaption><\/figure>\n<\/div>\n\n\n\n<div class=\"wp-container-15 wp-block-column\">\n<p>Nom + Pr\u00e9nom :<\/p>\n\n\n\n<p>Num\u00e9ro :<\/p>\n\n\n\n<p>Age :<\/p>\n\n\n\n<p>Poste :<\/p>\n\n\n\n<p>Ann\u00e9e(s) d&rsquo;exp\u00e9rience(s) Handballistique :<\/p>\n\n\n\n<p>Pourquoi du Handball au HC Perwez :<\/p>\n<\/div>\n\n\n\n<div class=\"wp-container-16 wp-block-column\">\n<p>Micha\u00ebl ROQUE<\/p>\n\n\n\n<p>35<\/p>\n\n\n\n<p>38<\/p>\n\n\n\n<p>Demi-Centre \/ T2<\/p>\n\n\n\n<p>20 ans<\/p>\n\n\n\n<ul><li>Beaut\u00e9 du sport<\/li><li>Camaraderie<\/li><li>Les fess\u00e9es<\/li><li>Ambiance respectueuse<\/li><\/ul>\n<\/div>\n<\/div>\n\n\n\n<hr class=\"wp-block-separator has-css-opacity\"\/>\n<\/div><\/div>\n\n\n\n<div class=\"wp-container-23 wp-block-group\"><div class=\"wp-block-group__inner-container\">\n<h2>Les joueurs<\/h2>\n\n\n\n<div class=\"wp-container-22 wp-block-columns\">\n<div class=\"wp-container-19 wp-block-column\">\n<figure class=\"wp-block-image size-large is-style-rounded\"><img loading=\"lazy\" width=\"2560\" height=\"2555\" src=\"https:\/\/hcperwez.be\/wp-content\/uploads\/2022\/06\/HC-Perwez-VS-HC-Waterloo-6-edited-1-scaled.jpg\" alt=\"\" class=\"wp-image-533\" srcset=\"https:\/\/hcperwez.be\/wp-content\/uploads\/2022\/06\/HC-Perwez-VS-HC-Waterloo-6-edited-1-scaled.jpg 2560w, https:\/\/hcperwez.be\/wp-content\/uploads\/2022\/06\/HC-Perwez-VS-HC-Waterloo-6-edited-1-300x300.jpg 300w, https:\/\/hcperwez.be\/wp-content\/uploads\/2022\/06\/HC-Perwez-VS-HC-Waterloo-6-edited-1-1024x1022.jpg 1024w, https:\/\/hcperwez.be\/wp-content\/uploads\/2022\/06\/HC-Perwez-VS-HC-Waterloo-6-edited-1-150x150.jpg 150w, https:\/\/hcperwez.be\/wp-content\/uploads\/2022\/06\/HC-Perwez-VS-HC-Waterloo-6-edited-1-768x766.jpg 768w, https:\/\/hcperwez.be\/wp-content\/uploads\/2022\/06\/HC-Perwez-VS-HC-Waterloo-6-edited-1-1536x1533.jpg 1536w, https:\/\/hcperwez.be\/wp-content\/uploads\/2022\/06\/HC-Perwez-VS-HC-Waterloo-6-edited-1-2048x2044.jpg 2048w\" sizes=\"(max-width: 2560px) 100vw, 2560px\" \/><figcaption>Hc perwez Logo Vector<\/figcaption><\/figure>\n<\/div>\n\n\n\n<div class=\"wp-container-20 wp-block-column\">\n<p>Nom + Pr\u00e9nom :<\/p>\n\n\n\n<p>Num\u00e9ro :<\/p>\n\n\n\n<p>Age :<\/p>\n\n\n\n<p>Poste :<\/p>\n\n\n\n<p>Ann\u00e9e(s) d&rsquo;exp\u00e9rience(s) Handballistique :<\/p>\n\n\n\n<p>Pourquoi du Handball au HC Perwez :<\/p>\n<\/div>\n\n\n\n<div class=\"wp-container-21 wp-block-column\">\n<p>Ga\u00ebl VERTONGEN<\/p>\n\n\n\n<p>11<\/p>\n\n\n\n<p>32<\/p>\n\n\n\n<p>Arri\u00e8re gauche<\/p>\n\n\n\n<p>20 ans<\/p>\n\n\n\n<ul><li>Coh\u00e9sion et esprit d&rsquo;\u00e9quipe<\/li><li>Bonne mentalit\u00e9, groupe d&rsquo;amis<\/li><\/ul>\n<\/div>\n<\/div>\n<\/div><\/div>\n\n\n\n<div class=\"wp-container-32 wp-block-group\"><div class=\"wp-block-group__inner-container\">\n<div class=\"wp-container-27 wp-block-columns\">\n<div class=\"wp-container-24 wp-block-column\">\n<figure class=\"wp-block-image size-large is-style-rounded\"><img loading=\"lazy\" width=\"2560\" height=\"2555\" src=\"https:\/\/hcperwez.be\/wp-content\/uploads\/2022\/06\/HC-Perwez-VS-HC-Waterloo-62-edited-1-scaled.jpg\" alt=\"\" class=\"wp-image-531\" srcset=\"https:\/\/hcperwez.be\/wp-content\/uploads\/2022\/06\/HC-Perwez-VS-HC-Waterloo-62-edited-1-scaled.jpg 2560w, https:\/\/hcperwez.be\/wp-content\/uploads\/2022\/06\/HC-Perwez-VS-HC-Waterloo-62-edited-1-300x300.jpg 300w, https:\/\/hcperwez.be\/wp-content\/uploads\/2022\/06\/HC-Perwez-VS-HC-Waterloo-62-edited-1-1024x1022.jpg 1024w, https:\/\/hcperwez.be\/wp-content\/uploads\/2022\/06\/HC-Perwez-VS-HC-Waterloo-62-edited-1-150x150.jpg 150w, https:\/\/hcperwez.be\/wp-content\/uploads\/2022\/06\/HC-Perwez-VS-HC-Waterloo-62-edited-1-768x766.jpg 768w, https:\/\/hcperwez.be\/wp-content\/uploads\/2022\/06\/HC-Perwez-VS-HC-Waterloo-62-edited-1-1536x1533.jpg 1536w, https:\/\/hcperwez.be\/wp-content\/uploads\/2022\/06\/HC-Perwez-VS-HC-Waterloo-62-edited-1-2048x2044.jpg 2048w\" sizes=\"(max-width: 2560px) 100vw, 2560px\" \/><figcaption>Hc perwez Logo Vector<\/figcaption><\/figure>\n<\/div>\n\n\n\n<div class=\"wp-container-25 wp-block-column\">\n<p>Nom + Pr\u00e9nom :<\/p>\n\n\n\n<p>Num\u00e9ro :<\/p>\n\n\n\n<p>Age :<\/p>\n\n\n\n<p>Poste :<\/p>\n\n\n\n<p>Ann\u00e9e(s) d&rsquo;exp\u00e9rience(s) Handballistique :<\/p>\n\n\n\n<p>Pourquoi du Handball au HC Perwez :<\/p>\n<\/div>\n\n\n\n<div class=\"wp-container-26 wp-block-column\">\n<p>Julien VANDERCAMMEN<\/p>\n\n\n\n<p>37<\/p>\n\n\n\n<p>30<\/p>\n\n\n\n<p>Arri\u00e8re<\/p>\n\n\n\n<p>9 ans<\/p>\n\n\n\n<ul><li>La bi\u00e8re et l&rsquo;ambiance<\/li><li>Le contact<\/li><li>L&rsquo;\u00e9quipe<\/li><li>Le pr\u00e9sident<\/li><\/ul>\n<\/div>\n<\/div>\n\n\n\n<div class=\"wp-container-31 wp-block-columns\">\n<div class=\"wp-container-28 wp-block-column\">\n<figure class=\"wp-block-image size-full is-style-rounded\"><img loading=\"lazy\" width=\"500\" height=\"500\" src=\"http:\/\/hcperwez.be\/wp-content\/uploads\/2022\/06\/cropped-Hc-perwez-Logo-2-fococlipping-standard.png\" alt=\"Hc perwez Logo Vector\" class=\"wp-image-431\" srcset=\"https:\/\/hcperwez.be\/wp-content\/uploads\/2022\/06\/cropped-Hc-perwez-Logo-2-fococlipping-standard.png 500w, https:\/\/hcperwez.be\/wp-content\/uploads\/2022\/06\/cropped-Hc-perwez-Logo-2-fococlipping-standard-300x300.png 300w, https:\/\/hcperwez.be\/wp-content\/uploads\/2022\/06\/cropped-Hc-perwez-Logo-2-fococlipping-standard-150x150.png 150w\" sizes=\"(max-width: 500px) 100vw, 500px\" \/><figcaption>Hc perwez Logo Vector<\/figcaption><\/figure>\n<\/div>\n\n\n\n<div class=\"wp-container-29 wp-block-column\">\n<p>Nom + Pr\u00e9nom :<\/p>\n\n\n\n<p>Num\u00e9ro :<\/p>\n\n\n\n<p>Age :<\/p>\n\n\n\n<p>Poste :<\/p>\n\n\n\n<p>Ann\u00e9e(s) d&rsquo;exp\u00e9rience(s) Handballistique :<\/p>\n\n\n\n<p>Pourquoi du Handball au HC Perwez :<\/p>\n<\/div>\n\n\n\n<div class=\"wp-container-30 wp-block-column\">\n<p>Jonathan VERHEYDEN<\/p>\n\n\n\n<p>29<\/p>\n\n\n\n<p>32<\/p>\n\n\n\n<p>Ailier Droit<\/p>\n\n\n\n<p>19 ans<\/p>\n\n\n\n<ul><li>Les moules-frites<\/li><li>Sport intense, d&rsquo;\u00e9quipe et de coh\u00e9sion<\/li><li>Camaraderie, Fair Play et Jusqu&rsquo;au boutisme<\/li><\/ul>\n<\/div>\n<\/div>\n<\/div><\/div>\n\n\n\n<div class=\"wp-container-41 wp-block-group\"><div class=\"wp-block-group__inner-container\">\n<div class=\"wp-container-36 wp-block-columns\">\n<div class=\"wp-container-33 wp-block-column\">\n<figure class=\"wp-block-image size-large is-style-rounded\"><img loading=\"lazy\" width=\"2560\" height=\"2555\" src=\"https:\/\/hcperwez.be\/wp-content\/uploads\/2022\/06\/HC-Perwez-VS-HC-Waterloo-132-edited-scaled.jpg\" alt=\"\" class=\"wp-image-537\" srcset=\"https:\/\/hcperwez.be\/wp-content\/uploads\/2022\/06\/HC-Perwez-VS-HC-Waterloo-132-edited-scaled.jpg 2560w, https:\/\/hcperwez.be\/wp-content\/uploads\/2022\/06\/HC-Perwez-VS-HC-Waterloo-132-edited-300x300.jpg 300w, https:\/\/hcperwez.be\/wp-content\/uploads\/2022\/06\/HC-Perwez-VS-HC-Waterloo-132-edited-1024x1022.jpg 1024w, https:\/\/hcperwez.be\/wp-content\/uploads\/2022\/06\/HC-Perwez-VS-HC-Waterloo-132-edited-150x150.jpg 150w, https:\/\/hcperwez.be\/wp-content\/uploads\/2022\/06\/HC-Perwez-VS-HC-Waterloo-132-edited-768x766.jpg 768w, https:\/\/hcperwez.be\/wp-content\/uploads\/2022\/06\/HC-Perwez-VS-HC-Waterloo-132-edited-1536x1533.jpg 1536w, https:\/\/hcperwez.be\/wp-content\/uploads\/2022\/06\/HC-Perwez-VS-HC-Waterloo-132-edited-2048x2044.jpg 2048w\" sizes=\"(max-width: 2560px) 100vw, 2560px\" \/><figcaption>Hc perwez Logo Vector<\/figcaption><\/figure>\n<\/div>\n\n\n\n<div class=\"wp-container-34 wp-block-column\">\n<p>Nom + Pr\u00e9nom :<\/p>\n\n\n\n<p>Num\u00e9ro :<\/p>\n\n\n\n<p>Age :<\/p>\n\n\n\n<p>Poste :<\/p>\n\n\n\n<p>Ann\u00e9e(s) d&rsquo;exp\u00e9rience(s) Handballistique :<\/p>\n\n\n\n<p>Pourquoi du Handball au HC Perwez :<\/p>\n<\/div>\n\n\n\n<div class=\"wp-container-35 wp-block-column\">\n<p>Ludovic SPENCEN-BERRY<\/p>\n\n\n\n<p>69<\/p>\n\n\n\n<p>31<\/p>\n\n\n\n<p>Pivot<\/p>\n\n\n\n<p>4 ans<\/p>\n\n\n\n<ul><li>Esprit d&rsquo;\u00e9quipe<\/li><li>D\u00e9passement de soi<\/li><li>Les c\u00e2lins<\/li><li>Les bleus sur les bras<\/li><li>La petite bi\u00e8re d&rsquo;apr\u00e8s victoire<\/li><\/ul>\n<\/div>\n<\/div>\n\n\n\n<div class=\"wp-container-40 wp-block-columns\">\n<div class=\"wp-container-37 wp-block-column\">\n<figure class=\"wp-block-image size-full is-style-rounded\"><img loading=\"lazy\" width=\"500\" height=\"500\" src=\"http:\/\/hcperwez.be\/wp-content\/uploads\/2022\/06\/cropped-Hc-perwez-Logo-2-fococlipping-standard.png\" alt=\"Hc perwez Logo Vector\" class=\"wp-image-431\" srcset=\"https:\/\/hcperwez.be\/wp-content\/uploads\/2022\/06\/cropped-Hc-perwez-Logo-2-fococlipping-standard.png 500w, https:\/\/hcperwez.be\/wp-content\/uploads\/2022\/06\/cropped-Hc-perwez-Logo-2-fococlipping-standard-300x300.png 300w, https:\/\/hcperwez.be\/wp-content\/uploads\/2022\/06\/cropped-Hc-perwez-Logo-2-fococlipping-standard-150x150.png 150w\" sizes=\"(max-width: 500px) 100vw, 500px\" \/><figcaption>Hc perwez Logo Vector<\/figcaption><\/figure>\n<\/div>\n\n\n\n<div class=\"wp-container-38 wp-block-column\">\n<p>Nom + Pr\u00e9nom :<\/p>\n\n\n\n<p>Num\u00e9ro :<\/p>\n\n\n\n<p>Age :<\/p>\n\n\n\n<p>Poste :<\/p>\n\n\n\n<p>Ann\u00e9e(s) d&rsquo;exp\u00e9rience(s) Handballistique :<\/p>\n\n\n\n<p>Pourquoi du Handball au HC Perwez :<\/p>\n<\/div>\n\n\n\n<div class=\"wp-container-39 wp-block-column\">\n<p>Jean MACHIN<\/p>\n\n\n\n<p>00<\/p>\n\n\n\n<p>00<\/p>\n\n\n\n<p>Ailier \/ Arri\u00e8re \/ Demi-centre \/ Pivot<\/p>\n\n\n\n<p>XX ans<\/p>\n\n\n\n<ul><li>Les trucs<\/li><\/ul>\n<\/div>\n<\/div>\n<\/div><\/div>\n<\/div><\/div>\n<\/div><\/div>\n\n\n\n<div class=\"wp-container-44 wp-block-group\"><div class=\"wp-block-group__inner-container\">\n<h2>Les membres du club<\/h2>\n<\/div><\/div>\n\n\n\n<p>Nous remercions tout particuli\u00e8rement nos membres du club, b\u00e9n\u00e9voles, qui nous aident au quotidien dans l&rsquo;organisation de notre club, et sans qui cette belle aventure n&rsquo;aurait pas \u00e9t\u00e9 possible.<\/p>\n\n\n\n<h2>Nos Sponsors<\/h2>\n\n\n\n<p>Chaque ann\u00e9e, nous proposons aux entreprises un coup de main afin de nous aider dans le fonctionnement du club. Ce sponsoring peut \u00eatre fait de diff\u00e9rentes mani\u00e8res : Budget, Mat\u00e9riels, Supports pour nos \u00e9v\u00e8nements et soupers, chacun, \u00e0 sa mani\u00e8re, contribue au d\u00e9veloppement de notre club.<\/p>\n\n\n\n<p>Nous remercions nos g\u00e9n\u00e9reux sponsors pour cette ann\u00e9e 2021-2022.<\/p>\n\n\n\n<div class=\"wp-container-45 wp-block-group\"><div class=\"wp-block-group__inner-container\">\n<hr class=\"wp-block-separator has-alpha-channel-opacity\"\/>\n<\/div><\/div>\n\n\n\n<div class=\"wp-container-48 wp-block-group\"><div class=\"wp-block-group__inner-container\">\n<div class=\"wp-container-47 wp-block-group\"><div class=\"wp-block-group__inner-container\">\n<div class=\"wp-container-46 wp-block-group\"><div class=\"wp-block-group__inner-container\"><\/div><\/div>\n<\/div><\/div>\n<\/div><\/div>\n<\/div><\/div>\n","protected":false},"excerpt":{"rendered":"<p>D\u00e9couvrez les membres du club et notre \u00e9quipe Senior Promotion Brabant-Hainaut. L&rsquo;\u00e9quipe 2021-2022 Notre pr\u00e9sident Nom + Pr\u00e9nom : Num\u00e9ro : Age : Poste : Ann\u00e9e(s) d&rsquo;exp\u00e9rience(s) Handballistique : Pourquoi du Handball au HC Perwez : Gaetan MARCHAL 8 30 Pivot \/ Pr\u00e9sident 9 ans Sport individuel d&rsquo;\u00e9quipe Sport complet Le Hc Perwez est une [&hellip;]<\/p>\n","protected":false},"author":1,"featured_media":86,"parent":0,"menu_order":0,"comment_status":"closed","ping_status":"closed","template":"","meta":[],"yoast_head":"<!-- This site is optimized with the Yoast SEO plugin v19.2 - https:\/\/yoast.com\/wordpress\/plugins\/seo\/ -->\n<title>Notre \u00e9quipe - Handball Club de Perwez<\/title>\n<meta name=\"robots\" content=\"index, follow, max-snippet:-1, max-image-preview:large, max-video-preview:-1\" \/>\n<link rel=\"canonical\" href=\"https:\/\/hcperwez.be\/index.php\/notre-equipe\/\" \/>\n<meta property=\"og:locale\" content=\"fr_FR\" \/>\n<meta property=\"og:type\" content=\"article\" \/>\n<meta property=\"og:title\" content=\"Notre \u00e9quipe - Handball Club de Perwez\" \/>\n<meta property=\"og:description\" content=\"D\u00e9couvrez les membres du club et notre \u00e9quipe Senior Promotion Brabant-Hainaut. L&rsquo;\u00e9quipe 2021-2022 Notre pr\u00e9sident Nom + Pr\u00e9nom : Num\u00e9ro : Age : Poste : Ann\u00e9e(s) d&rsquo;exp\u00e9rience(s) Handballistique : Pourquoi du Handball au HC Perwez : Gaetan MARCHAL 8 30 Pivot \/ Pr\u00e9sident 9 ans Sport individuel d&rsquo;\u00e9quipe Sport complet Le Hc Perwez est une [&hellip;]\" \/>\n<meta property=\"og:url\" content=\"https:\/\/hcperwez.be\/index.php\/notre-equipe\/\" \/>\n<meta property=\"og:site_name\" content=\"Handball Club de Perwez\" \/>\n<meta property=\"article:publisher\" content=\"https:\/\/www.facebook.com\/HcPerwez\/\" \/>\n<meta property=\"article:modified_time\" content=\"2022-06-30T11:43:37+00:00\" \/>\n<meta property=\"og:image\" content=\"https:\/\/hcperwez.be\/wp-content\/uploads\/2020\/05\/Sans-titre-2.jpg\" \/>\n\t<meta property=\"og:image:width\" content=\"1420\" \/>\n\t<meta property=\"og:image:height\" content=\"567\" \/>\n\t<meta property=\"og:image:type\" content=\"image\/jpeg\" \/>\n<meta name=\"author\" content=\"Jonathan Verheyden\" \/>\n<meta name=\"twitter:card\" content=\"summary_large_image\" \/>\n<meta name=\"twitter:label1\" content=\"Dur\u00e9e de lecture estim\u00e9e\" \/>\n\t<meta name=\"twitter:data1\" content=\"4 minutes\" \/>\n<script type=\"application\/ld+json\" class=\"yoast-schema-graph\">{\"@context\":\"https:\/\/schema.org\",\"@graph\":[{\"@type\":\"WebSite\",\"@id\":\"https:\/\/hcperwez.be\/#website\",\"url\":\"https:\/\/hcperwez.be\/\",\"name\":\"Handball Club de Perwez\",\"description\":\"Site officiel\",\"potentialAction\":[{\"@type\":\"SearchAction\",\"target\":{\"@type\":\"EntryPoint\",\"urlTemplate\":\"https:\/\/hcperwez.be\/?s={search_term_string}\"},\"query-input\":\"required name=search_term_string\"}],\"inLanguage\":\"fr-FR\"},{\"@type\":\"ImageObject\",\"inLanguage\":\"fr-FR\",\"@id\":\"https:\/\/hcperwez.be\/index.php\/notre-equipe\/#primaryimage\",\"url\":\"https:\/\/hcperwez.be\/wp-content\/uploads\/2020\/05\/Sans-titre-2.jpg\",\"contentUrl\":\"https:\/\/hcperwez.be\/wp-content\/uploads\/2020\/05\/Sans-titre-2.jpg\",\"width\":1420,\"height\":567,\"caption\":\"Equipe de Handball de Perwez\"},{\"@type\":\"WebPage\",\"@id\":\"https:\/\/hcperwez.be\/index.php\/notre-equipe\/#webpage\",\"url\":\"https:\/\/hcperwez.be\/index.php\/notre-equipe\/\",\"name\":\"Notre \u00e9quipe - Handball Club de Perwez\",\"isPartOf\":{\"@id\":\"https:\/\/hcperwez.be\/#website\"},\"primaryImageOfPage\":{\"@id\":\"https:\/\/hcperwez.be\/index.php\/notre-equipe\/#primaryimage\"},\"datePublished\":\"2020-05-08T06:55:01+00:00\",\"dateModified\":\"2022-06-30T11:43:37+00:00\",\"breadcrumb\":{\"@id\":\"https:\/\/hcperwez.be\/index.php\/notre-equipe\/#breadcrumb\"},\"inLanguage\":\"fr-FR\",\"potentialAction\":[{\"@type\":\"ReadAction\",\"target\":[\"https:\/\/hcperwez.be\/index.php\/notre-equipe\/\"]}]},{\"@type\":\"BreadcrumbList\",\"@id\":\"https:\/\/hcperwez.be\/index.php\/notre-equipe\/#breadcrumb\",\"itemListElement\":[{\"@type\":\"ListItem\",\"position\":1,\"name\":\"Accueil\",\"item\":\"https:\/\/hcperwez.be\/\"},{\"@type\":\"ListItem\",\"position\":2,\"name\":\"Notre \u00e9quipe\"}]}]}<\/script>\n<!-- \/ Yoast SEO plugin. -->","yoast_head_json":{"title":"Notre \u00e9quipe - Handball Club de Perwez","robots":{"index":"index","follow":"follow","max-snippet":"max-snippet:-1","max-image-preview":"max-image-preview:large","max-video-preview":"max-video-preview:-1"},"canonical":"https:\/\/hcperwez.be\/index.php\/notre-equipe\/","og_locale":"fr_FR","og_type":"article","og_title":"Notre \u00e9quipe - Handball Club de Perwez","og_description":"D\u00e9couvrez les membres du club et notre \u00e9quipe Senior Promotion Brabant-Hainaut. L&rsquo;\u00e9quipe 2021-2022 Notre pr\u00e9sident Nom + Pr\u00e9nom : Num\u00e9ro : Age : Poste : Ann\u00e9e(s) d&rsquo;exp\u00e9rience(s) Handballistique : Pourquoi du Handball au HC Perwez : Gaetan MARCHAL 8 30 Pivot \/ Pr\u00e9sident 9 ans Sport individuel d&rsquo;\u00e9quipe Sport complet Le Hc Perwez est une [&hellip;]","og_url":"https:\/\/hcperwez.be\/index.php\/notre-equipe\/","og_site_name":"Handball Club de Perwez","article_publisher":"https:\/\/www.facebook.com\/HcPerwez\/","article_modified_time":"2022-06-30T11:43:37+00:00","og_image":[{"width":1420,"height":567,"url":"https:\/\/hcperwez.be\/wp-content\/uploads\/2020\/05\/Sans-titre-2.jpg","type":"image\/jpeg"}],"author":"Jonathan Verheyden","twitter_card":"summary_large_image","twitter_misc":{"Dur\u00e9e de lecture estim\u00e9e":"4 minutes"},"schema":{"@context":"https:\/\/schema.org","@graph":[{"@type":"WebSite","@id":"https:\/\/hcperwez.be\/#website","url":"https:\/\/hcperwez.be\/","name":"Handball Club de Perwez","description":"Site officiel","potentialAction":[{"@type":"SearchAction","target":{"@type":"EntryPoint","urlTemplate":"https:\/\/hcperwez.be\/?s={search_term_string}"},"query-input":"required name=search_term_string"}],"inLanguage":"fr-FR"},{"@type":"ImageObject","inLanguage":"fr-FR","@id":"https:\/\/hcperwez.be\/index.php\/notre-equipe\/#primaryimage","url":"https:\/\/hcperwez.be\/wp-content\/uploads\/2020\/05\/Sans-titre-2.jpg","contentUrl":"https:\/\/hcperwez.be\/wp-content\/uploads\/2020\/05\/Sans-titre-2.jpg","width":1420,"height":567,"caption":"Equipe de Handball de Perwez"},{"@type":"WebPage","@id":"https:\/\/hcperwez.be\/index.php\/notre-equipe\/#webpage","url":"https:\/\/hcperwez.be\/index.php\/notre-equipe\/","name":"Notre \u00e9quipe - Handball Club de Perwez","isPartOf":{"@id":"https:\/\/hcperwez.be\/#website"},"primaryImageOfPage":{"@id":"https:\/\/hcperwez.be\/index.php\/notre-equipe\/#primaryimage"},"datePublished":"2020-05-08T06:55:01+00:00","dateModified":"2022-06-30T11:43:37+00:00","breadcrumb":{"@id":"https:\/\/hcperwez.be\/index.php\/notre-equipe\/#breadcrumb"},"inLanguage":"fr-FR","potentialAction":[{"@type":"ReadAction","target":["https:\/\/hcperwez.be\/index.php\/notre-equipe\/"]}]},{"@type":"BreadcrumbList","@id":"https:\/\/hcperwez.be\/index.php\/notre-equipe\/#breadcrumb","itemListElement":[{"@type":"ListItem","position":1,"name":"Accueil","item":"https:\/\/hcperwez.be\/"},{"@type":"ListItem","position":2,"name":"Notre \u00e9quipe"}]}]}},"_links":{"self":[{"href":"https:\/\/hcperwez.be\/index.php\/wp-json\/wp\/v2\/pages\/25"}],"collection":[{"href":"https:\/\/hcperwez.be\/index.php\/wp-json\/wp\/v2\/pages"}],"about":[{"href":"https:\/\/hcperwez.be\/index.php\/wp-json\/wp\/v2\/types\/page"}],"author":[{"embeddable":true,"href":"https:\/\/hcperwez.be\/index.php\/wp-json\/wp\/v2\/users\/1"}],"replies":[{"embeddable":true,"href":"https:\/\/hcperwez.be\/index.php\/wp-json\/wp\/v2\/comments?post=25"}],"version-history":[{"count":24,"href":"https:\/\/hcperwez.be\/index.php\/wp-json\/wp\/v2\/pages\/25\/revisions"}],"predecessor-version":[{"id":587,"href":"https:\/\/hcperwez.be\/index.php\/wp-json\/wp\/v2\/pages\/25\/revisions\/587"}],"wp:featuredmedia":[{"embeddable":true,"href":"https:\/\/hcperwez.be\/index.php\/wp-json\/wp\/v2\/media\/86"}],"wp:attachment":[{"href":"https:\/\/hcperwez.be\/index.php\/wp-json\/wp\/v2\/media?parent=25"}],"curies":[{"name":"wp","href":"https:\/\/api.w.org\/{rel}","templated":true}]}}