{"id":26,"date":"2020-05-08T08:55:01","date_gmt":"2020-05-08T06:55:01","guid":{"rendered":"http:\/\/hcperwez.be\/?page_id=26"},"modified":"2022-06-30T13:54:20","modified_gmt":"2022-06-30T11:54:20","slug":"contact","status":"publish","type":"page","link":"https:\/\/hcperwez.be\/index.php\/contact\/","title":{"rendered":"Contact"},"content":{"rendered":"\n<h2>Besoins d&rsquo;infos? Contactez-nous par t\u00e9l\u00e9phone ou via Facebook.<\/h2>\n\n\n\n<div class=\"wp-container-5 wp-block-columns\">\n<div class=\"wp-container-4 wp-block-column\" style=\"flex-basis:100%\">\n<div class=\"wp-container-3 wp-block-columns\">\n<div class=\"wp-container-1 wp-block-column\">\n<p><strong>Gaetan &#8211; Pr\u00e9sident<\/strong> : +32 470 55 13 05<br><strong>Letitia &#8211; Secr\u00e9taire<\/strong> : +32 474 68 48 62<br><strong>Gael &#8211; Coach<\/strong> : +32 472 96 71 17<br><strong>Jonathan &#8211; Site Web<\/strong> : +32 479 701 788<\/p>\n<\/div>\n\n\n\n<div class=\"wp-container-2 wp-block-column\">\n<p><strong>Horaires d&rsquo;entrainement :<\/strong><br><strong>Lundi<\/strong> : 20h30-22h00<br><strong>Jeudi<\/strong> : 20h30-22h00<br><strong>Weekend<\/strong> : Match selon agenda du Championnat<\/p>\n<\/div>\n<\/div>\n<\/div>\n<\/div>\n\n\n\n<h2>Rendez-vous au centre sportif de Perwez<\/h2>\n\n\n\n<iframe src=\"https:\/\/www.google.com\/maps\/embed?pb=!1m14!1m8!1m3!1d1265.5516984855333!2d4.80478!3d50.625196!3m2!1i1024!2i768!4f13.1!3m3!1m2!1s0x0%3A0x127079b849514009!2sHandball%20Club%20de%20Perwez!5e0!3m2!1sfr!2sbe!4v1656579988521!5m2!1sfr!2sbe\" width=\"800\" height=\"600\" style=\"border:0;\" allowfullscreen=\"\" loading=\"lazy\" referrerpolicy=\"no-referrer-when-downgrade\"><\/iframe>\n\n\n\n<p class=\"has-text-align-center\"><\/p>\n\n\n\n<h2>N&rsquo;h\u00e9sitez pas \u00e0 nous contacter en cas de besoin !<\/h2>\n\n\n\n<div role=\"form\" class=\"wpcf7\" id=\"wpcf7-f75-o1\" lang=\"fr-FR\" dir=\"ltr\">\n<div class=\"screen-reader-response\"><p role=\"status\" aria-live=\"polite\" aria-atomic=\"true\"><\/p> <ul><\/ul><\/div>\n<form action=\"\/index.php\/wp-json\/wp\/v2\/pages\/26#wpcf7-f75-o1\" method=\"post\" class=\"wpcf7-form init\" novalidate=\"novalidate\" data-status=\"init\">\n<div style=\"display: none;\">\n<input type=\"hidden\" name=\"_wpcf7\" value=\"75\" \/>\n<input type=\"hidden\" name=\"_wpcf7_version\" value=\"5.6\" \/>\n<input type=\"hidden\" name=\"_wpcf7_locale\" value=\"fr_FR\" \/>\n<input type=\"hidden\" name=\"_wpcf7_unit_tag\" value=\"wpcf7-f75-o1\" \/>\n<input type=\"hidden\" name=\"_wpcf7_container_post\" value=\"0\" \/>\n<input type=\"hidden\" name=\"_wpcf7_posted_data_hash\" value=\"\" \/>\n<\/div>\n<p><label> Votre nom (obligatoire)<br \/>\n    <span class=\"wpcf7-form-control-wrap\" data-name=\"your-name\"><input type=\"text\" name=\"your-name\" value=\"\" size=\"40\" class=\"wpcf7-form-control wpcf7-text wpcf7-validates-as-required\" aria-required=\"true\" aria-invalid=\"false\" \/><\/span> <\/label><\/p>\n<p><label> Votre adresse email (obligatoire)<br \/>\n    <span class=\"wpcf7-form-control-wrap\" data-name=\"your-email\"><input type=\"email\" name=\"your-email\" value=\"\" size=\"40\" class=\"wpcf7-form-control wpcf7-text wpcf7-email wpcf7-validates-as-required wpcf7-validates-as-email\" aria-required=\"true\" aria-invalid=\"false\" \/><\/span> <\/label><\/p>\n<p><label> Objet<br \/>\n    <span class=\"wpcf7-form-control-wrap\" data-name=\"your-subject\"><input type=\"text\" name=\"your-subject\" value=\"\" size=\"40\" class=\"wpcf7-form-control wpcf7-text\" aria-invalid=\"false\" \/><\/span> <\/label><\/p>\n<p><label> Votre message<br \/>\n    <span class=\"wpcf7-form-control-wrap\" data-name=\"your-message\"><textarea name=\"your-message\" cols=\"40\" rows=\"10\" class=\"wpcf7-form-control wpcf7-textarea\" aria-invalid=\"false\"><\/textarea><\/span> <\/label><\/p>\n<p><div id=\"cf7sr-69d8246cee65f\" class=\"cf7sr-g-recaptcha\" data-sitekey=\"6LcmhRkgAAAAAPoulG3KOm4s-oM5bXHXhey_pwFj\"><\/div><span class=\"wpcf7-form-control-wrap cf7sr-recaptcha\" data-name=\"cf7sr-recaptcha\"><input type=\"hidden\" name=\"cf7sr-recaptcha\" value=\"\" class=\"wpcf7-form-control\"><\/span><\/p>\n<p><input type=\"submit\" value=\"Envoyer\" class=\"wpcf7-form-control has-spinner wpcf7-submit\" \/><\/p>\n<p style=\"display: none !important;\"><label>&#916;<textarea name=\"_wpcf7_ak_hp_textarea\" cols=\"45\" rows=\"8\" maxlength=\"100\"><\/textarea><\/label><input type=\"hidden\" id=\"ak_js_1\" name=\"_wpcf7_ak_js\" value=\"82\"\/><script>document.getElementById( \"ak_js_1\" ).setAttribute( \"value\", ( new Date() ).getTime() );<\/script><\/p><div class=\"wpcf7-response-output\" aria-hidden=\"true\"><\/div><\/form><\/div>\n","protected":false},"excerpt":{"rendered":"<p>Besoins d&rsquo;infos? Contactez-nous par t\u00e9l\u00e9phone ou via Facebook. Gaetan &#8211; Pr\u00e9sident : +32 470 55 13 05Letitia &#8211; Secr\u00e9taire : +32 474 68 48 62Gael &#8211; Coach : +32 472 96 71 17Jonathan &#8211; Site Web : +32 479 701 788 Horaires d&rsquo;entrainement :Lundi : 20h30-22h00Jeudi : 20h30-22h00Weekend : Match selon agenda du Championnat Rendez-vous [&hellip;]<\/p>\n","protected":false},"author":1,"featured_media":21,"parent":0,"menu_order":0,"comment_status":"closed","ping_status":"closed","template":"","meta":[],"yoast_head":"<!-- This site is optimized with the Yoast SEO plugin v19.2 - https:\/\/yoast.com\/wordpress\/plugins\/seo\/ -->\n<title>Contact - Handball Club de Perwez<\/title>\n<meta name=\"robots\" content=\"index, follow, max-snippet:-1, max-image-preview:large, max-video-preview:-1\" \/>\n<link rel=\"canonical\" href=\"https:\/\/hcperwez.be\/index.php\/contact\/\" \/>\n<meta property=\"og:locale\" content=\"fr_FR\" \/>\n<meta property=\"og:type\" content=\"article\" \/>\n<meta property=\"og:title\" content=\"Contact - Handball Club de Perwez\" \/>\n<meta property=\"og:description\" content=\"Besoins d&rsquo;infos? Contactez-nous par t\u00e9l\u00e9phone ou via Facebook. Gaetan &#8211; Pr\u00e9sident : +32 470 55 13 05Letitia &#8211; Secr\u00e9taire : +32 474 68 48 62Gael &#8211; Coach : +32 472 96 71 17Jonathan &#8211; Site Web : +32 479 701 788 Horaires d&rsquo;entrainement :Lundi : 20h30-22h00Jeudi : 20h30-22h00Weekend : Match selon agenda du Championnat Rendez-vous [&hellip;]\" \/>\n<meta property=\"og:url\" content=\"https:\/\/hcperwez.be\/index.php\/contact\/\" \/>\n<meta property=\"og:site_name\" content=\"Handball Club de Perwez\" \/>\n<meta property=\"article:publisher\" content=\"https:\/\/www.facebook.com\/HcPerwez\/\" \/>\n<meta property=\"article:modified_time\" content=\"2022-06-30T11:54:20+00:00\" \/>\n<meta property=\"og:image\" content=\"https:\/\/hcperwez.be\/wp-content\/uploads\/2020\/05\/espresso-1.jpg\" \/>\n\t<meta property=\"og:image:width\" content=\"2000\" \/>\n\t<meta property=\"og:image:height\" content=\"1200\" \/>\n\t<meta property=\"og:image:type\" content=\"image\/jpeg\" \/>\n<meta name=\"author\" content=\"Jonathan Verheyden\" \/>\n<meta name=\"twitter:card\" content=\"summary_large_image\" \/>\n<meta name=\"twitter:label1\" content=\"Dur\u00e9e de lecture estim\u00e9e\" \/>\n\t<meta name=\"twitter:data1\" content=\"1 minute\" \/>\n<script type=\"application\/ld+json\" class=\"yoast-schema-graph\">{\"@context\":\"https:\/\/schema.org\",\"@graph\":[{\"@type\":\"WebSite\",\"@id\":\"https:\/\/hcperwez.be\/#website\",\"url\":\"https:\/\/hcperwez.be\/\",\"name\":\"Handball Club de Perwez\",\"description\":\"Site officiel\",\"potentialAction\":[{\"@type\":\"SearchAction\",\"target\":{\"@type\":\"EntryPoint\",\"urlTemplate\":\"https:\/\/hcperwez.be\/?s={search_term_string}\"},\"query-input\":\"required name=search_term_string\"}],\"inLanguage\":\"fr-FR\"},{\"@type\":\"ImageObject\",\"inLanguage\":\"fr-FR\",\"@id\":\"https:\/\/hcperwez.be\/index.php\/contact\/#primaryimage\",\"url\":\"https:\/\/hcperwez.be\/wp-content\/uploads\/2020\/05\/espresso-1.jpg\",\"contentUrl\":\"https:\/\/hcperwez.be\/wp-content\/uploads\/2020\/05\/espresso-1.jpg\",\"width\":2000,\"height\":1200},{\"@type\":\"WebPage\",\"@id\":\"https:\/\/hcperwez.be\/index.php\/contact\/#webpage\",\"url\":\"https:\/\/hcperwez.be\/index.php\/contact\/\",\"name\":\"Contact - Handball Club de Perwez\",\"isPartOf\":{\"@id\":\"https:\/\/hcperwez.be\/#website\"},\"primaryImageOfPage\":{\"@id\":\"https:\/\/hcperwez.be\/index.php\/contact\/#primaryimage\"},\"datePublished\":\"2020-05-08T06:55:01+00:00\",\"dateModified\":\"2022-06-30T11:54:20+00:00\",\"breadcrumb\":{\"@id\":\"https:\/\/hcperwez.be\/index.php\/contact\/#breadcrumb\"},\"inLanguage\":\"fr-FR\",\"potentialAction\":[{\"@type\":\"ReadAction\",\"target\":[\"https:\/\/hcperwez.be\/index.php\/contact\/\"]}]},{\"@type\":\"BreadcrumbList\",\"@id\":\"https:\/\/hcperwez.be\/index.php\/contact\/#breadcrumb\",\"itemListElement\":[{\"@type\":\"ListItem\",\"position\":1,\"name\":\"Accueil\",\"item\":\"https:\/\/hcperwez.be\/\"},{\"@type\":\"ListItem\",\"position\":2,\"name\":\"Contact\"}]}]}<\/script>\n<!-- \/ Yoast SEO plugin. -->","yoast_head_json":{"title":"Contact - Handball Club de Perwez","robots":{"index":"index","follow":"follow","max-snippet":"max-snippet:-1","max-image-preview":"max-image-preview:large","max-video-preview":"max-video-preview:-1"},"canonical":"https:\/\/hcperwez.be\/index.php\/contact\/","og_locale":"fr_FR","og_type":"article","og_title":"Contact - Handball Club de Perwez","og_description":"Besoins d&rsquo;infos? Contactez-nous par t\u00e9l\u00e9phone ou via Facebook. Gaetan &#8211; Pr\u00e9sident : +32 470 55 13 05Letitia &#8211; Secr\u00e9taire : +32 474 68 48 62Gael &#8211; Coach : +32 472 96 71 17Jonathan &#8211; Site Web : +32 479 701 788 Horaires d&rsquo;entrainement :Lundi : 20h30-22h00Jeudi : 20h30-22h00Weekend : Match selon agenda du Championnat Rendez-vous [&hellip;]","og_url":"https:\/\/hcperwez.be\/index.php\/contact\/","og_site_name":"Handball Club de Perwez","article_publisher":"https:\/\/www.facebook.com\/HcPerwez\/","article_modified_time":"2022-06-30T11:54:20+00:00","og_image":[{"width":2000,"height":1200,"url":"https:\/\/hcperwez.be\/wp-content\/uploads\/2020\/05\/espresso-1.jpg","type":"image\/jpeg"}],"author":"Jonathan Verheyden","twitter_card":"summary_large_image","twitter_misc":{"Dur\u00e9e de lecture estim\u00e9e":"1 minute"},"schema":{"@context":"https:\/\/schema.org","@graph":[{"@type":"WebSite","@id":"https:\/\/hcperwez.be\/#website","url":"https:\/\/hcperwez.be\/","name":"Handball Club de Perwez","description":"Site officiel","potentialAction":[{"@type":"SearchAction","target":{"@type":"EntryPoint","urlTemplate":"https:\/\/hcperwez.be\/?s={search_term_string}"},"query-input":"required name=search_term_string"}],"inLanguage":"fr-FR"},{"@type":"ImageObject","inLanguage":"fr-FR","@id":"https:\/\/hcperwez.be\/index.php\/contact\/#primaryimage","url":"https:\/\/hcperwez.be\/wp-content\/uploads\/2020\/05\/espresso-1.jpg","contentUrl":"https:\/\/hcperwez.be\/wp-content\/uploads\/2020\/05\/espresso-1.jpg","width":2000,"height":1200},{"@type":"WebPage","@id":"https:\/\/hcperwez.be\/index.php\/contact\/#webpage","url":"https:\/\/hcperwez.be\/index.php\/contact\/","name":"Contact - Handball Club de Perwez","isPartOf":{"@id":"https:\/\/hcperwez.be\/#website"},"primaryImageOfPage":{"@id":"https:\/\/hcperwez.be\/index.php\/contact\/#primaryimage"},"datePublished":"2020-05-08T06:55:01+00:00","dateModified":"2022-06-30T11:54:20+00:00","breadcrumb":{"@id":"https:\/\/hcperwez.be\/index.php\/contact\/#breadcrumb"},"inLanguage":"fr-FR","potentialAction":[{"@type":"ReadAction","target":["https:\/\/hcperwez.be\/index.php\/contact\/"]}]},{"@type":"BreadcrumbList","@id":"https:\/\/hcperwez.be\/index.php\/contact\/#breadcrumb","itemListElement":[{"@type":"ListItem","position":1,"name":"Accueil","item":"https:\/\/hcperwez.be\/"},{"@type":"ListItem","position":2,"name":"Contact"}]}]}},"_links":{"self":[{"href":"https:\/\/hcperwez.be\/index.php\/wp-json\/wp\/v2\/pages\/26"}],"collection":[{"href":"https:\/\/hcperwez.be\/index.php\/wp-json\/wp\/v2\/pages"}],"about":[{"href":"https:\/\/hcperwez.be\/index.php\/wp-json\/wp\/v2\/types\/page"}],"author":[{"embeddable":true,"href":"https:\/\/hcperwez.be\/index.php\/wp-json\/wp\/v2\/users\/1"}],"replies":[{"embeddable":true,"href":"https:\/\/hcperwez.be\/index.php\/wp-json\/wp\/v2\/comments?post=26"}],"version-history":[{"count":19,"href":"https:\/\/hcperwez.be\/index.php\/wp-json\/wp\/v2\/pages\/26\/revisions"}],"predecessor-version":[{"id":590,"href":"https:\/\/hcperwez.be\/index.php\/wp-json\/wp\/v2\/pages\/26\/revisions\/590"}],"wp:featuredmedia":[{"embeddable":true,"href":"https:\/\/hcperwez.be\/index.php\/wp-json\/wp\/v2\/media\/21"}],"wp:attachment":[{"href":"https:\/\/hcperwez.be\/index.php\/wp-json\/wp\/v2\/media?parent=26"}],"curies":[{"name":"wp","href":"https:\/\/api.w.org\/{rel}","templated":true}]}}